{"id":447,"date":"2023-02-21T12:08:25","date_gmt":"2023-02-21T12:08:25","guid":{"rendered":"https:\/\/vicazsolttrans.hu\/?page_id=447"},"modified":"2023-02-21T12:24:29","modified_gmt":"2023-02-21T12:24:29","slug":"velemenyek","status":"publish","type":"page","link":"https:\/\/vicazsolttrans.hu\/?page_id=447","title":{"rendered":"Elementor #447"},"content":{"rendered":"\t\t<div data-elementor-type=\"wp-page\" data-elementor-id=\"447\" class=\"elementor elementor-447\">\n\t\t\t\t\t\t<section class=\"elementor-section elementor-top-section elementor-element elementor-element-8b908fa elementor-section-boxed elementor-section-height-default elementor-section-height-default\" data-id=\"8b908fa\" data-element_type=\"section\" data-e-type=\"section\">\n\t\t\t\t\t\t<div class=\"elementor-container elementor-column-gap-default\">\n\t\t\t\t\t<div class=\"elementor-column elementor-col-100 elementor-top-column elementor-element elementor-element-3ff6021\" data-id=\"3ff6021\" data-element_type=\"column\" data-e-type=\"column\">\n\t\t\t<div class=\"elementor-widget-wrap elementor-element-populated\">\n\t\t\t\t\t\t<div class=\"elementor-element elementor-element-ed608f9 elementor-widget elementor-widget-heading\" data-id=\"ed608f9\" data-element_type=\"widget\" data-e-type=\"widget\" data-widget_type=\"heading.default\">\n\t\t\t\t<div class=\"elementor-widget-container\">\n\t\t\t\t\t<h2 class=\"elementor-heading-title elementor-size-default\">R\u00f3lunk \u00edrt v\u00e9lem\u00e9nyek \/ Reviews about us<\/h2>\t\t\t\t<\/div>\n\t\t\t\t<\/div>\n\t\t\t\t\t<\/div>\n\t\t<\/div>\n\t\t\t\t\t<\/div>\n\t\t<\/section>\n\t\t\t\t<section class=\"elementor-section elementor-top-section elementor-element elementor-element-6113308 elementor-section-boxed elementor-section-height-default elementor-section-height-default\" data-id=\"6113308\" data-element_type=\"section\" data-e-type=\"section\">\n\t\t\t\t\t\t<div class=\"elementor-container elementor-column-gap-default\">\n\t\t\t\t\t<div class=\"elementor-column elementor-col-100 elementor-top-column elementor-element elementor-element-697ffb8\" data-id=\"697ffb8\" data-element_type=\"column\" data-e-type=\"column\">\n\t\t\t<div class=\"elementor-widget-wrap elementor-element-populated\">\n\t\t\t\t\t\t<div class=\"elementor-element elementor-element-bdee28e elementor-widget elementor-widget-spacer\" data-id=\"bdee28e\" data-element_type=\"widget\" data-e-type=\"widget\" data-widget_type=\"spacer.default\">\n\t\t\t\t<div class=\"elementor-widget-container\">\n\t\t\t\t\t\t\t<div class=\"elementor-spacer\">\n\t\t\t<div class=\"elementor-spacer-inner\"><\/div>\n\t\t<\/div>\n\t\t\t\t\t\t<\/div>\n\t\t\t\t<\/div>\n\t\t\t\t<div class=\"elementor-element elementor-element-4705fcf elementor-widget elementor-widget-heading\" data-id=\"4705fcf\" data-element_type=\"widget\" data-e-type=\"widget\" data-widget_type=\"heading.default\">\n\t\t\t\t<div class=\"elementor-widget-container\">\n\t\t\t\t\t<h2 class=\"elementor-heading-title elementor-size-small\"><a href=\"https:\/\/vicazsolttrans.hu\/\">F\u0151oldal\/Main Page<\/a><\/h2>\t\t\t\t<\/div>\n\t\t\t\t<\/div>\n\t\t\t\t\t<\/div>\n\t\t<\/div>\n\t\t\t\t\t<\/div>\n\t\t<\/section>\n\t\t\t\t<section class=\"elementor-section elementor-top-section elementor-element elementor-element-3106c7a elementor-section-boxed elementor-section-height-default elementor-section-height-default\" data-id=\"3106c7a\" data-element_type=\"section\" data-e-type=\"section\">\n\t\t\t\t\t\t<div class=\"elementor-container elementor-column-gap-default\">\n\t\t\t\t\t<div class=\"elementor-column elementor-col-100 elementor-top-column elementor-element elementor-element-820f2cb\" data-id=\"820f2cb\" data-element_type=\"column\" data-e-type=\"column\">\n\t\t\t<div class=\"elementor-widget-wrap elementor-element-populated\">\n\t\t\t\t\t\t<div class=\"elementor-element elementor-element-88d4f9a elementor-widget elementor-widget-spacer\" data-id=\"88d4f9a\" data-element_type=\"widget\" data-e-type=\"widget\" data-widget_type=\"spacer.default\">\n\t\t\t\t<div class=\"elementor-widget-container\">\n\t\t\t\t\t\t\t<div class=\"elementor-spacer\">\n\t\t\t<div class=\"elementor-spacer-inner\"><\/div>\n\t\t<\/div>\n\t\t\t\t\t\t<\/div>\n\t\t\t\t<\/div>\n\t\t\t\t\t<\/div>\n\t\t<\/div>\n\t\t\t\t\t<\/div>\n\t\t<\/section>\n\t\t\t\t<section class=\"elementor-section elementor-top-section elementor-element elementor-element-32a5998 elementor-section-boxed elementor-section-height-default elementor-section-height-default\" data-id=\"32a5998\" data-element_type=\"section\" data-e-type=\"section\">\n\t\t\t\t\t\t<div class=\"elementor-container elementor-column-gap-default\">\n\t\t\t\t\t<div class=\"elementor-column elementor-col-100 elementor-top-column elementor-element elementor-element-0f2f75a\" data-id=\"0f2f75a\" data-element_type=\"column\" data-e-type=\"column\">\n\t\t\t<div class=\"elementor-widget-wrap elementor-element-populated\">\n\t\t\t\t\t\t<div class=\"elementor-element elementor-element-c5de38e elementor-widget elementor-widget-text-editor\" data-id=\"c5de38e\" data-element_type=\"widget\" data-e-type=\"widget\" data-widget_type=\"text-editor.default\">\n\t\t\t\t<div class=\"elementor-widget-container\">\n\t\t\t\t\t\t\t\t\t<p><em>&#8222;Z\u00e1r\u00e1sk\u00e9nt pedig szeretn\u00e9k egy aj\u00e1nl\u00e1st itt hagyni VicaZsolti Transz munk\u00e1j\u00e1r\u00f3l, aki n\u00e9lk\u00fcl a k\u00f6lt\u00f6z\u00e9s nem tudom, hogy siker\u0171lt volna. Elk\u00e9peszt\u0151 t\u00fcrelemmel \u00e9s seg\u00edt\u0151k\u00e9szs\u00e9ggel v\u00e1laszolt minden h\u00fclye k\u00e9rd\u00e9semre, kezelte az utols\u00f3 pillanatos m\u00f3dos\u00edt\u00e1sokat. Seg\u00edtett a v\u00e1m \u00e9s egy\u00e9b \u00fcgyint\u00e9z\u00e9sben, \u00e9s rengeteg hasznos tippet is kaptunk az itteni \u00e9let kapcs\u00e1n. Csak aj\u00e1nlani tudom \u0151ket!!!&#8221;<\/em><\/p><p>&#8211; J.Enik\u0151<\/p>\t\t\t\t\t\t\t\t<\/div>\n\t\t\t\t<\/div>\n\t\t\t\t\t<\/div>\n\t\t<\/div>\n\t\t\t\t\t<\/div>\n\t\t<\/section>\n\t\t\t\t<\/div>\n\t\t","protected":false},"excerpt":{"rendered":"<p>R\u00f3lunk \u00edrt v\u00e9lem\u00e9nyek \/ Reviews about us F\u0151oldal\/Main Page &#8222;Z\u00e1r\u00e1sk\u00e9nt pedig szeretn\u00e9k egy aj\u00e1nl\u00e1st itt hagyni VicaZsolti Transz munk\u00e1j\u00e1r\u00f3l, aki n\u00e9lk\u00fcl a k\u00f6lt\u00f6z\u00e9s nem tudom, hogy siker\u0171lt volna. Elk\u00e9peszt\u0151 t\u00fcrelemmel \u00e9s seg\u00edt\u0151k\u00e9szs\u00e9ggel v\u00e1laszolt minden h\u00fclye k\u00e9rd\u00e9semre, kezelte az utols\u00f3 pillanatos m\u00f3dos\u00edt\u00e1sokat. Seg\u00edtett a v\u00e1m \u00e9s egy\u00e9b \u00fcgyint\u00e9z\u00e9sben, \u00e9s rengeteg hasznos tippet is kaptunk az itteni [&hellip;]<\/p>\n","protected":false},"author":1,"featured_media":0,"parent":0,"menu_order":0,"comment_status":"closed","ping_status":"closed","template":"elementor_canvas","meta":{"footnotes":""},"class_list":["post-447","page","type-page","status-publish","hentry"],"_links":{"self":[{"href":"https:\/\/vicazsolttrans.hu\/index.php?rest_route=\/wp\/v2\/pages\/447","targetHints":{"allow":["GET"]}}],"collection":[{"href":"https:\/\/vicazsolttrans.hu\/index.php?rest_route=\/wp\/v2\/pages"}],"about":[{"href":"https:\/\/vicazsolttrans.hu\/index.php?rest_route=\/wp\/v2\/types\/page"}],"author":[{"embeddable":true,"href":"https:\/\/vicazsolttrans.hu\/index.php?rest_route=\/wp\/v2\/users\/1"}],"replies":[{"embeddable":true,"href":"https:\/\/vicazsolttrans.hu\/index.php?rest_route=%2Fwp%2Fv2%2Fcomments&post=447"}],"version-history":[{"count":14,"href":"https:\/\/vicazsolttrans.hu\/index.php?rest_route=\/wp\/v2\/pages\/447\/revisions"}],"predecessor-version":[{"id":468,"href":"https:\/\/vicazsolttrans.hu\/index.php?rest_route=\/wp\/v2\/pages\/447\/revisions\/468"}],"wp:attachment":[{"href":"https:\/\/vicazsolttrans.hu\/index.php?rest_route=%2Fwp%2Fv2%2Fmedia&parent=447"}],"curies":[{"name":"wp","href":"https:\/\/api.w.org\/{rel}","templated":true}]}}