{"id":233,"date":"2023-01-25T11:30:57","date_gmt":"2023-01-25T11:30:57","guid":{"rendered":"https:\/\/vicazsolttrans.hu\/?page_id=233"},"modified":"2023-01-27T09:34:30","modified_gmt":"2023-01-27T09:34:30","slug":"csomagkezeles","status":"publish","type":"page","link":"https:\/\/vicazsolttrans.hu\/?page_id=233","title":{"rendered":"csomagkezel\u00e9s"},"content":{"rendered":"\t\t<div data-elementor-type=\"wp-page\" data-elementor-id=\"233\" class=\"elementor elementor-233\">\n\t\t\t\t\t\t<section class=\"elementor-section elementor-top-section elementor-element elementor-element-360517c elementor-section-boxed elementor-section-height-default elementor-section-height-default\" data-id=\"360517c\" data-element_type=\"section\" data-e-type=\"section\">\n\t\t\t\t\t\t<div class=\"elementor-container elementor-column-gap-default\">\n\t\t\t\t\t<div class=\"elementor-column elementor-col-100 elementor-top-column elementor-element elementor-element-06f7d5c\" data-id=\"06f7d5c\" data-element_type=\"column\" data-e-type=\"column\">\n\t\t\t<div class=\"elementor-widget-wrap elementor-element-populated\">\n\t\t\t\t\t\t<div class=\"elementor-element elementor-element-9b4b6b7 elementor-widget elementor-widget-heading\" data-id=\"9b4b6b7\" data-element_type=\"widget\" data-e-type=\"widget\" data-widget_type=\"heading.default\">\n\t\t\t\t<div class=\"elementor-widget-container\">\n\t\t\t\t\t<h1 class=\"elementor-heading-title elementor-size-xl\">Csomagkezel\u00e9s\/Package management<\/h1>\t\t\t\t<\/div>\n\t\t\t\t<\/div>\n\t\t\t\t<div class=\"elementor-element elementor-element-c5b09a9 elementor-widget elementor-widget-heading\" data-id=\"c5b09a9\" data-element_type=\"widget\" data-e-type=\"widget\" data-widget_type=\"heading.default\">\n\t\t\t\t<div class=\"elementor-widget-container\">\n\t\t\t\t\t<h1 class=\"elementor-heading-title elementor-size-small\"><a href=\"https:\/\/vicazsolttrans.hu\/\">F\u0151oldal\/Main Page<\/a><\/h1>\t\t\t\t<\/div>\n\t\t\t\t<\/div>\n\t\t\t\t\t<\/div>\n\t\t<\/div>\n\t\t\t\t\t<\/div>\n\t\t<\/section>\n\t\t\t\t<section class=\"elementor-section elementor-top-section elementor-element elementor-element-6edc5aa elementor-section-boxed elementor-section-height-default elementor-section-height-default\" data-id=\"6edc5aa\" data-element_type=\"section\" data-e-type=\"section\">\n\t\t\t\t\t\t<div class=\"elementor-container elementor-column-gap-default\">\n\t\t\t\t\t<div class=\"elementor-column elementor-col-100 elementor-top-column elementor-element elementor-element-6f1fb8a\" data-id=\"6f1fb8a\" data-element_type=\"column\" data-e-type=\"column\">\n\t\t\t<div class=\"elementor-widget-wrap elementor-element-populated\">\n\t\t\t\t\t\t<div class=\"elementor-element elementor-element-70174eb elementor-widget-divider--view-line elementor-widget elementor-widget-divider\" data-id=\"70174eb\" data-element_type=\"widget\" data-e-type=\"widget\" data-widget_type=\"divider.default\">\n\t\t\t\t<div class=\"elementor-widget-container\">\n\t\t\t\t\t\t\t<div class=\"elementor-divider\">\n\t\t\t<span class=\"elementor-divider-separator\">\n\t\t\t\t\t\t<\/span>\n\t\t<\/div>\n\t\t\t\t\t\t<\/div>\n\t\t\t\t<\/div>\n\t\t\t\t\t<\/div>\n\t\t<\/div>\n\t\t\t\t\t<\/div>\n\t\t<\/section>\n\t\t\t\t<section class=\"elementor-section elementor-top-section elementor-element elementor-element-5904599 elementor-section-boxed elementor-section-height-default elementor-section-height-default\" data-id=\"5904599\" data-element_type=\"section\" data-e-type=\"section\">\n\t\t\t\t\t\t<div class=\"elementor-container elementor-column-gap-default\">\n\t\t\t\t\t<div class=\"elementor-column elementor-col-100 elementor-top-column elementor-element elementor-element-ae90282\" data-id=\"ae90282\" data-element_type=\"column\" data-e-type=\"column\">\n\t\t\t<div class=\"elementor-widget-wrap elementor-element-populated\">\n\t\t\t\t\t\t<div class=\"elementor-element elementor-element-8d10d7e elementor-widget elementor-widget-spacer\" data-id=\"8d10d7e\" data-element_type=\"widget\" data-e-type=\"widget\" data-widget_type=\"spacer.default\">\n\t\t\t\t<div class=\"elementor-widget-container\">\n\t\t\t\t\t\t\t<div class=\"elementor-spacer\">\n\t\t\t<div class=\"elementor-spacer-inner\"><\/div>\n\t\t<\/div>\n\t\t\t\t\t\t<\/div>\n\t\t\t\t<\/div>\n\t\t\t\t\t<\/div>\n\t\t<\/div>\n\t\t\t\t\t<\/div>\n\t\t<\/section>\n\t\t\t\t<section class=\"elementor-section elementor-top-section elementor-element elementor-element-477d5e3 elementor-section-boxed elementor-section-height-default elementor-section-height-default\" data-id=\"477d5e3\" data-element_type=\"section\" data-e-type=\"section\">\n\t\t\t\t\t\t<div class=\"elementor-container elementor-column-gap-default\">\n\t\t\t\t\t<div class=\"elementor-column elementor-col-100 elementor-top-column elementor-element elementor-element-028c85b\" data-id=\"028c85b\" data-element_type=\"column\" data-e-type=\"column\">\n\t\t\t<div class=\"elementor-widget-wrap elementor-element-populated\">\n\t\t\t\t\t\t<div class=\"elementor-element elementor-element-0251796 elementor-widget elementor-widget-spacer\" data-id=\"0251796\" data-element_type=\"widget\" data-e-type=\"widget\" data-widget_type=\"spacer.default\">\n\t\t\t\t<div class=\"elementor-widget-container\">\n\t\t\t\t\t\t\t<div class=\"elementor-spacer\">\n\t\t\t<div class=\"elementor-spacer-inner\"><\/div>\n\t\t<\/div>\n\t\t\t\t\t\t<\/div>\n\t\t\t\t<\/div>\n\t\t\t\t\t<\/div>\n\t\t<\/div>\n\t\t\t\t\t<\/div>\n\t\t<\/section>\n\t\t\t\t<section class=\"elementor-section elementor-top-section elementor-element elementor-element-35a9110 elementor-section-boxed elementor-section-height-default elementor-section-height-default\" data-id=\"35a9110\" data-element_type=\"section\" data-e-type=\"section\">\n\t\t\t\t\t\t<div class=\"elementor-container elementor-column-gap-default\">\n\t\t\t\t\t<div class=\"elementor-column elementor-col-100 elementor-top-column elementor-element elementor-element-f7d8d5c\" data-id=\"f7d8d5c\" data-element_type=\"column\" data-e-type=\"column\">\n\t\t\t<div class=\"elementor-widget-wrap elementor-element-populated\">\n\t\t\t\t\t\t<div class=\"elementor-element elementor-element-4f2392c elementor-widget elementor-widget-text-editor\" data-id=\"4f2392c\" data-element_type=\"widget\" data-e-type=\"widget\" data-widget_type=\"text-editor.default\">\n\t\t\t\t<div class=\"elementor-widget-container\">\n\t\t\t\t\t\t\t\t\t<p>Ha nem megfelel\u0151 a csomagol\u00e1s, az a t\u00f6bbi term\u00e9k \u00e9ps\u00e9g\u00e9t is vesz\u00e9lyeztetheti a sz\u00e1ll\u00edt\u00e1s sor\u00e1n, Ez\u00e9rt fontos, hogy mikor feladja k\u00fcldem\u00e9ny\u00e9t, azt megfelel\u0151 \u00e1ruv\u00e9delemmel l\u00e1ssa el. A k\u00fcldem\u00e9nyeket olyan csomagol\u00e1ssal kell ell\u00e1tni, ami a sz\u00e1ll\u00edt\u00e1s \u00e9s az \u00e1ru mozgat\u00e1sa sor\u00e1n a csomagot \u00e9rt k\u00fcls\u0151 fizikai hat\u00e1s\u00f3l megv\u00e9di.<\/p><p>K\u00fcls\u0151 \u00e9s bels\u0151 csomagol\u00e1s<\/p><p>K\u00fcldem\u00e9ny ragaszt\u00e1sa, lez\u00e1r\u00e1sa<\/p><p>N\u00e9vvel, c\u00edmmel, telefonsz\u00e1mmal ell\u00e1tva, amit k\u00e9r\u00fcnk \u00edr\u00e1sban is elk\u00fcldeni a megrendel\u00e9st k\u00f6vet\u0151en.<\/p><ul><li>Csomagol\u00f3 anyagok: -Karton (k\u00f6lt\u00f6ztet\u0151s doboz) -Er\u0151s Zs\u00e1k (ruha nem\u0171k) -V\u00e1kum zs\u00e1k<\/li><\/ul><ul><li>Tiltott \u00e1ruk: -Doh\u00e1ny -Szeszes italok -Gy\u00f3gyszer -Nyers \u00e9lelmiszer<\/li><\/ul><p>Sz\u00e1ll\u00edt\u00e1st kiz\u00e1r\u00f3lag aut\u00f3t\u00f3l aut\u00f3ig v\u00e1llalunk. Rakod\u00e1sban seg\u00edt\u00fcnk ig\u00e9ny eset\u00e9n, ha az \u00fcgyf\u00e9l el\u0151re jelzi, plusz d\u00edjaz\u00e1s\u00e9rt.<\/p><p>Megrendel\u00e9st kiz\u00e1r\u00f3lag az al\u00e1bbi adatok megad\u00e1s\u00e1val tudunk fix\u00e1lni:<\/p><ul><li>Csomag felv\u00e9tele: -N\u00e9v -C\u00edm -Telefonsz\u00e1m &#8211; Csomag \u00e1tad\u00e1s (ha h\u00e1zhoz k\u00e9rik) -N\u00e9v -C\u00edm -Telefon sz\u00e1m.<\/li><\/ul><p>Kis\u00e1llatok sz\u00e1ll\u00edt\u00e1s\u00e1val nem foglalkozunk, ilyen k\u00e9r\u00e9sekben a <a class=\"x1i10hfl xjbqb8w x6umtig x1b1mbwd xaqea5y xav7gou x9f619 x1ypdohk xt0psk2 xe8uvvx xdj266r x11i5rnm xat24cr x1mh8g0r xexx8yu x4uap5 x18d9i69 xkhd6sd x16tdsg8 xggy1nq x1a2a7pz xt0b8zv x1heor9g x1bvjpef\" tabindex=\"0\" role=\"link\" href=\"http:\/\/www.dogtrans.hu\/?fbclid=IwAR3Iz3Y-YJmIRrjArlbvhMKrQ6vJ6LYHLf7beHDbN7umiiepb2W1jYx_pqY\" target=\"_blank\" rel=\"nofollow noopener\">www.dogtrans.hu<\/a> csapata tud seg\u00edteni.<\/p>\t\t\t\t\t\t\t\t<\/div>\n\t\t\t\t<\/div>\n\t\t\t\t\t<\/div>\n\t\t<\/div>\n\t\t\t\t\t<\/div>\n\t\t<\/section>\n\t\t\t\t<section class=\"elementor-section elementor-top-section elementor-element elementor-element-a2ae669 elementor-section-boxed elementor-section-height-default elementor-section-height-default\" data-id=\"a2ae669\" data-element_type=\"section\" data-e-type=\"section\">\n\t\t\t\t\t\t<div class=\"elementor-container elementor-column-gap-default\">\n\t\t\t\t\t<div class=\"elementor-column elementor-col-100 elementor-top-column elementor-element elementor-element-3f55dd9\" data-id=\"3f55dd9\" data-element_type=\"column\" data-e-type=\"column\">\n\t\t\t<div class=\"elementor-widget-wrap elementor-element-populated\">\n\t\t\t\t\t\t<div class=\"elementor-element elementor-element-27841bc elementor-widget elementor-widget-text-editor\" data-id=\"27841bc\" data-element_type=\"widget\" data-e-type=\"widget\" data-widget_type=\"text-editor.default\">\n\t\t\t\t<div class=\"elementor-widget-container\">\n\t\t\t\t\t\t\t\t\t<p>If the packaging is not suitable, it can also endanger the safety of the other products during transport. Therefore, it is important that when you send your shipment, you provide it with appropriate product protection. Shipments must be packed in such a way that it protects the package from external physical effects during transport and movement of the goods.<\/p><p>Outer and inner packaging<\/p><p>Gluing and sealing of shipment<\/p><p>With name, address and phone number, which we ask you to send in writing after placing the order.<\/p><p>Packaging materials: -Carton (moving box) -Strong bag (cloth type) -Vacuum bag<br \/>Prohibited goods: -Tobacco -Alcoholic beverages -Medicine -Raw food<\/p><p>We only undertake delivery from car to car. We help with loading if required, if the customer indicates in advance, for an additional fee.<\/p><p>We can only fix an order by entering the following data:<\/p><p>Picking up a package: -Name -Address -Phone number &#8211; Package delivery (if requested at home) -Name -Address -Phone number.<\/p><p>We can&#8217;t help with transporting pets, with such inquiries feel free to contact <a class=\"x1i10hfl xjbqb8w x6umtig x1b1mbwd xaqea5y xav7gou x9f619 x1ypdohk xt0psk2 xe8uvvx xdj266r x11i5rnm xat24cr x1mh8g0r xexx8yu x4uap5 x18d9i69 xkhd6sd x16tdsg8 xggy1nq x1a2a7pz xt0b8zv x1heor9g x1bvjpef\" tabindex=\"0\" role=\"link\" href=\"http:\/\/www.dogtrans.hu\/?fbclid=IwAR3Iz3Y-YJmIRrjArlbvhMKrQ6vJ6LYHLf7beHDbN7umiiepb2W1jYx_pqY\" target=\"_blank\" rel=\"nofollow noopener\">www.dogtrans.hu<\/a><\/p>\t\t\t\t\t\t\t\t<\/div>\n\t\t\t\t<\/div>\n\t\t\t\t\t<\/div>\n\t\t<\/div>\n\t\t\t\t\t<\/div>\n\t\t<\/section>\n\t\t\t\t<section class=\"elementor-section elementor-top-section elementor-element elementor-element-481ca87 elementor-section-boxed elementor-section-height-default elementor-section-height-default\" data-id=\"481ca87\" data-element_type=\"section\" data-e-type=\"section\">\n\t\t\t\t\t\t<div class=\"elementor-container elementor-column-gap-default\">\n\t\t\t\t\t<div class=\"elementor-column elementor-col-100 elementor-top-column elementor-element elementor-element-3ee8367\" data-id=\"3ee8367\" data-element_type=\"column\" data-e-type=\"column\">\n\t\t\t<div class=\"elementor-widget-wrap elementor-element-populated\">\n\t\t\t\t\t\t<div class=\"elementor-element elementor-element-4fc956e elementor-view-default elementor-widget elementor-widget-icon\" data-id=\"4fc956e\" data-element_type=\"widget\" data-e-type=\"widget\" data-widget_type=\"icon.default\">\n\t\t\t\t<div class=\"elementor-widget-container\">\n\t\t\t\t\t\t\t<div class=\"elementor-icon-wrapper\">\n\t\t\t<a class=\"elementor-icon elementor-animation-pulse-grow\" href=\"https:\/\/www.facebook.com\/zsolt.magyar.3152\">\n\t\t\t<i aria-hidden=\"true\" class=\"fab fa-facebook\"><\/i>\t\t\t<\/a>\n\t\t<\/div>\n\t\t\t\t\t\t<\/div>\n\t\t\t\t<\/div>\n\t\t\t\t\t<\/div>\n\t\t<\/div>\n\t\t\t\t\t<\/div>\n\t\t<\/section>\n\t\t\t\t<\/div>\n\t\t","protected":false},"excerpt":{"rendered":"<p>Csomagkezel\u00e9s\/Package management F\u0151oldal\/Main Page Ha nem megfelel\u0151 a csomagol\u00e1s, az a t\u00f6bbi term\u00e9k \u00e9ps\u00e9g\u00e9t is vesz\u00e9lyeztetheti a sz\u00e1ll\u00edt\u00e1s sor\u00e1n, Ez\u00e9rt fontos, hogy mikor feladja k\u00fcldem\u00e9ny\u00e9t, azt megfelel\u0151 \u00e1ruv\u00e9delemmel l\u00e1ssa el. A k\u00fcldem\u00e9nyeket olyan csomagol\u00e1ssal kell ell\u00e1tni, ami a sz\u00e1ll\u00edt\u00e1s \u00e9s az \u00e1ru mozgat\u00e1sa sor\u00e1n a csomagot \u00e9rt k\u00fcls\u0151 fizikai hat\u00e1s\u00f3l megv\u00e9di. K\u00fcls\u0151 \u00e9s bels\u0151 csomagol\u00e1s [&hellip;]<\/p>\n","protected":false},"author":1,"featured_media":0,"parent":0,"menu_order":0,"comment_status":"closed","ping_status":"closed","template":"elementor_canvas","meta":{"footnotes":""},"class_list":["post-233","page","type-page","status-publish","hentry"],"_links":{"self":[{"href":"https:\/\/vicazsolttrans.hu\/index.php?rest_route=\/wp\/v2\/pages\/233","targetHints":{"allow":["GET"]}}],"collection":[{"href":"https:\/\/vicazsolttrans.hu\/index.php?rest_route=\/wp\/v2\/pages"}],"about":[{"href":"https:\/\/vicazsolttrans.hu\/index.php?rest_route=\/wp\/v2\/types\/page"}],"author":[{"embeddable":true,"href":"https:\/\/vicazsolttrans.hu\/index.php?rest_route=\/wp\/v2\/users\/1"}],"replies":[{"embeddable":true,"href":"https:\/\/vicazsolttrans.hu\/index.php?rest_route=%2Fwp%2Fv2%2Fcomments&post=233"}],"version-history":[{"count":32,"href":"https:\/\/vicazsolttrans.hu\/index.php?rest_route=\/wp\/v2\/pages\/233\/revisions"}],"predecessor-version":[{"id":405,"href":"https:\/\/vicazsolttrans.hu\/index.php?rest_route=\/wp\/v2\/pages\/233\/revisions\/405"}],"wp:attachment":[{"href":"https:\/\/vicazsolttrans.hu\/index.php?rest_route=%2Fwp%2Fv2%2Fmedia&parent=233"}],"curies":[{"name":"wp","href":"https:\/\/api.w.org\/{rel}","templated":true}]}}