{"id":210,"date":"2023-01-25T10:56:09","date_gmt":"2023-01-25T10:56:09","guid":{"rendered":"https:\/\/vicazsolttrans.hu\/?page_id=210"},"modified":"2026-01-07T22:31:21","modified_gmt":"2026-01-07T22:31:21","slug":"arak","status":"publish","type":"page","link":"https:\/\/vicazsolttrans.hu\/?page_id=210","title":{"rendered":"\u00e1rak"},"content":{"rendered":"\t\t<div data-elementor-type=\"wp-page\" data-elementor-id=\"210\" class=\"elementor elementor-210\">\n\t\t\t\t\t\t<section class=\"elementor-section elementor-top-section elementor-element elementor-element-e19ceef elementor-section-boxed elementor-section-height-default elementor-section-height-default\" data-id=\"e19ceef\" data-element_type=\"section\" data-e-type=\"section\">\n\t\t\t\t\t\t<div class=\"elementor-container elementor-column-gap-default\">\n\t\t\t\t\t<div class=\"elementor-column elementor-col-100 elementor-top-column elementor-element elementor-element-8d4c103\" data-id=\"8d4c103\" data-element_type=\"column\" data-e-type=\"column\">\n\t\t\t<div class=\"elementor-widget-wrap elementor-element-populated\">\n\t\t\t\t\t\t<div class=\"elementor-element elementor-element-2ef9a73 elementor-invisible elementor-widget elementor-widget-heading\" data-id=\"2ef9a73\" data-element_type=\"widget\" data-e-type=\"widget\" data-settings=\"{&quot;_animation&quot;:&quot;fadeInDown&quot;}\" data-widget_type=\"heading.default\">\n\t\t\t\t<div class=\"elementor-widget-container\">\n\t\t\t\t\t<h1 class=\"elementor-heading-title elementor-size-xl\">\u00c1rak\/Prices<\/h1>\t\t\t\t<\/div>\n\t\t\t\t<\/div>\n\t\t\t\t<div class=\"elementor-element elementor-element-0b534a0 elementor-widget elementor-widget-heading\" data-id=\"0b534a0\" data-element_type=\"widget\" data-e-type=\"widget\" data-widget_type=\"heading.default\">\n\t\t\t\t<div class=\"elementor-widget-container\">\n\t\t\t\t\t<h2 class=\"elementor-heading-title elementor-size-small\"><a href=\"http:\/\/vicazsolttrans.hu\/\">F\u0151oldal\/Main Page<\/a><\/h2>\t\t\t\t<\/div>\n\t\t\t\t<\/div>\n\t\t\t\t\t<\/div>\n\t\t<\/div>\n\t\t\t\t\t<\/div>\n\t\t<\/section>\n\t\t\t\t<section class=\"elementor-section elementor-top-section elementor-element elementor-element-65a38d7 elementor-section-boxed elementor-section-height-default elementor-section-height-default\" data-id=\"65a38d7\" data-element_type=\"section\" data-e-type=\"section\">\n\t\t\t\t\t\t<div class=\"elementor-container elementor-column-gap-default\">\n\t\t\t\t\t<div class=\"elementor-column elementor-col-100 elementor-top-column elementor-element elementor-element-5b802c8\" data-id=\"5b802c8\" data-element_type=\"column\" data-e-type=\"column\">\n\t\t\t<div class=\"elementor-widget-wrap elementor-element-populated\">\n\t\t\t\t\t\t<div class=\"elementor-element elementor-element-a72ff82 elementor-widget elementor-widget-text-editor\" data-id=\"a72ff82\" data-element_type=\"widget\" data-e-type=\"widget\" data-widget_type=\"text-editor.default\">\n\t\t\t\t<div class=\"elementor-widget-container\">\n\t\t\t\t\t\t\t\t\t<p><strong>Kedves \u00dcgyfeleink!<\/strong>&nbsp;<\/p>\n<p>Szolg\u00e1ltat\u00e1saink \u00e1rait a kezdetek \u00f3ta igyekezt\u00fcnk v\u00e1ltozatlanul tartani, azonban a k\u00f6r\u00fclm\u00e9nyek miatt most nek\u00fcnk is sz\u00fcks\u00e9gess\u00e9 v\u00e1lt egy kisebb m\u00f3dos\u00edt\u00e1s. Fontos volt sz\u00e1munkra, hogy az emel\u00e9s a lehet\u0151 legminim\u00e1lisabb legyen, hogy tov\u00e1bbra is kellemes, megfizethet\u0151 \u00e9s megb\u00edzhat\u00f3 szolg\u00e1ltat\u00e1st ny\u00fajthassunk mindenkinek.<\/p>\n<p>K\u00f6sz\u00f6nj\u00fck a meg\u00e9rt\u00e9seteket \u00e9s a bizalmatokat.<\/p><p><br><\/p><p><span style=\"white-space-collapse: preserve;\"><strong>Dear Customers,<\/strong>  \nWe have kept our prices unchanged since the very beginning, but due to recent circumstances we\u2019ve had to introduce a small adjustment. We made sure the increase was as minimal as possible so we can continue providing the same pleasant, fairly priced, and reliable service you\u2019re used to.<\/span><\/p><p><span style=\"white-space-collapse: preserve;\">Thank you for your understanding and continued trust.<\/span><\/p>\t\t\t\t\t\t\t\t<\/div>\n\t\t\t\t<\/div>\n\t\t\t\t\t<\/div>\n\t\t<\/div>\n\t\t\t\t\t<\/div>\n\t\t<\/section>\n\t\t\t\t<section class=\"elementor-section elementor-top-section elementor-element elementor-element-5377109 elementor-section-boxed elementor-section-height-default elementor-section-height-default\" data-id=\"5377109\" data-element_type=\"section\" data-e-type=\"section\">\n\t\t\t\t\t\t<div class=\"elementor-container elementor-column-gap-default\">\n\t\t\t\t\t<div class=\"elementor-column elementor-col-100 elementor-top-column elementor-element elementor-element-aadd63f\" data-id=\"aadd63f\" data-element_type=\"column\" data-e-type=\"column\">\n\t\t\t<div class=\"elementor-widget-wrap elementor-element-populated\">\n\t\t\t\t\t\t<div class=\"elementor-element elementor-element-5062cb0 elementor-widget elementor-widget-image\" data-id=\"5062cb0\" data-element_type=\"widget\" data-e-type=\"widget\" data-widget_type=\"image.default\">\n\t\t\t\t<div class=\"elementor-widget-container\">\n\t\t\t\t\t\t\t\t\t\t\t\t\t\t\t<img fetchpriority=\"high\" decoding=\"async\" width=\"1024\" height=\"356\" src=\"https:\/\/vicazsolttrans.hu\/wp-content\/uploads\/2026\/01\/27821812-9189-421e-b0fd-898d5361473e-1024x356.jpg\" class=\"attachment-large size-large wp-image-523\" alt=\"\" srcset=\"https:\/\/vicazsolttrans.hu\/wp-content\/uploads\/2026\/01\/27821812-9189-421e-b0fd-898d5361473e-1024x356.jpg 1024w, https:\/\/vicazsolttrans.hu\/wp-content\/uploads\/2026\/01\/27821812-9189-421e-b0fd-898d5361473e-300x104.jpg 300w, https:\/\/vicazsolttrans.hu\/wp-content\/uploads\/2026\/01\/27821812-9189-421e-b0fd-898d5361473e-768x267.jpg 768w, https:\/\/vicazsolttrans.hu\/wp-content\/uploads\/2026\/01\/27821812-9189-421e-b0fd-898d5361473e-1536x534.jpg 1536w, https:\/\/vicazsolttrans.hu\/wp-content\/uploads\/2026\/01\/27821812-9189-421e-b0fd-898d5361473e-2048x712.jpg 2048w\" sizes=\"(max-width: 1024px) 100vw, 1024px\" \/>\t\t\t\t\t\t\t\t\t\t\t\t\t\t\t<\/div>\n\t\t\t\t<\/div>\n\t\t\t\t\t<\/div>\n\t\t<\/div>\n\t\t\t\t\t<\/div>\n\t\t<\/section>\n\t\t\t\t<section class=\"elementor-section elementor-top-section elementor-element elementor-element-077eb59 elementor-section-boxed elementor-section-height-default elementor-section-height-default\" data-id=\"077eb59\" data-element_type=\"section\" data-e-type=\"section\">\n\t\t\t\t\t\t<div class=\"elementor-container elementor-column-gap-default\">\n\t\t\t\t\t<div class=\"elementor-column elementor-col-100 elementor-top-column elementor-element elementor-element-3676cbc\" data-id=\"3676cbc\" data-element_type=\"column\" data-e-type=\"column\">\n\t\t\t<div class=\"elementor-widget-wrap elementor-element-populated\">\n\t\t\t\t\t\t<div class=\"elementor-element elementor-element-e0cbff6 elementor-widget elementor-widget-spacer\" data-id=\"e0cbff6\" data-element_type=\"widget\" data-e-type=\"widget\" data-widget_type=\"spacer.default\">\n\t\t\t\t<div class=\"elementor-widget-container\">\n\t\t\t\t\t\t\t<div class=\"elementor-spacer\">\n\t\t\t<div class=\"elementor-spacer-inner\"><\/div>\n\t\t<\/div>\n\t\t\t\t\t\t<\/div>\n\t\t\t\t<\/div>\n\t\t\t\t\t<\/div>\n\t\t<\/div>\n\t\t\t\t\t<\/div>\n\t\t<\/section>\n\t\t\t\t<section class=\"elementor-section elementor-top-section elementor-element elementor-element-f82ed13 elementor-section-boxed elementor-section-height-default elementor-section-height-default\" data-id=\"f82ed13\" data-element_type=\"section\" data-e-type=\"section\">\n\t\t\t\t\t\t<div class=\"elementor-container elementor-column-gap-default\">\n\t\t\t\t\t<div class=\"elementor-column elementor-col-100 elementor-top-column elementor-element elementor-element-d2b3096\" data-id=\"d2b3096\" data-element_type=\"column\" data-e-type=\"column\">\n\t\t\t<div class=\"elementor-widget-wrap elementor-element-populated\">\n\t\t\t\t\t\t<div class=\"elementor-element elementor-element-bef9ff5 elementor-view-default elementor-widget elementor-widget-icon\" data-id=\"bef9ff5\" data-element_type=\"widget\" data-e-type=\"widget\" data-widget_type=\"icon.default\">\n\t\t\t\t<div class=\"elementor-widget-container\">\n\t\t\t\t\t\t\t<div class=\"elementor-icon-wrapper\">\n\t\t\t<a class=\"elementor-icon elementor-animation-pulse\" href=\"https:\/\/www.facebook.com\/zsolt.magyar.3152\">\n\t\t\t<i aria-hidden=\"true\" class=\"fab fa-facebook\"><\/i>\t\t\t<\/a>\n\t\t<\/div>\n\t\t\t\t\t\t<\/div>\n\t\t\t\t<\/div>\n\t\t\t\t\t<\/div>\n\t\t<\/div>\n\t\t\t\t\t<\/div>\n\t\t<\/section>\n\t\t\t\t<\/div>\n\t\t","protected":false},"excerpt":{"rendered":"<p>\u00c1rak\/Prices F\u0151oldal\/Main Page Kedves \u00dcgyfeleink!&nbsp; Szolg\u00e1ltat\u00e1saink \u00e1rait a kezdetek \u00f3ta igyekezt\u00fcnk v\u00e1ltozatlanul tartani, azonban a k\u00f6r\u00fclm\u00e9nyek miatt most nek\u00fcnk is sz\u00fcks\u00e9gess\u00e9 v\u00e1lt egy kisebb m\u00f3dos\u00edt\u00e1s. Fontos volt sz\u00e1munkra, hogy az emel\u00e9s a lehet\u0151 legminim\u00e1lisabb legyen, hogy tov\u00e1bbra is kellemes, megfizethet\u0151 \u00e9s megb\u00edzhat\u00f3 szolg\u00e1ltat\u00e1st ny\u00fajthassunk mindenkinek. K\u00f6sz\u00f6nj\u00fck a meg\u00e9rt\u00e9seteket \u00e9s a bizalmatokat. Dear Customers, We have [&hellip;]<\/p>\n","protected":false},"author":1,"featured_media":0,"parent":0,"menu_order":0,"comment_status":"closed","ping_status":"closed","template":"elementor_canvas","meta":{"footnotes":""},"class_list":["post-210","page","type-page","status-publish","hentry"],"_links":{"self":[{"href":"https:\/\/vicazsolttrans.hu\/index.php?rest_route=\/wp\/v2\/pages\/210","targetHints":{"allow":["GET"]}}],"collection":[{"href":"https:\/\/vicazsolttrans.hu\/index.php?rest_route=\/wp\/v2\/pages"}],"about":[{"href":"https:\/\/vicazsolttrans.hu\/index.php?rest_route=\/wp\/v2\/types\/page"}],"author":[{"embeddable":true,"href":"https:\/\/vicazsolttrans.hu\/index.php?rest_route=\/wp\/v2\/users\/1"}],"replies":[{"embeddable":true,"href":"https:\/\/vicazsolttrans.hu\/index.php?rest_route=%2Fwp%2Fv2%2Fcomments&post=210"}],"version-history":[{"count":36,"href":"https:\/\/vicazsolttrans.hu\/index.php?rest_route=\/wp\/v2\/pages\/210\/revisions"}],"predecessor-version":[{"id":529,"href":"https:\/\/vicazsolttrans.hu\/index.php?rest_route=\/wp\/v2\/pages\/210\/revisions\/529"}],"wp:attachment":[{"href":"https:\/\/vicazsolttrans.hu\/index.php?rest_route=%2Fwp%2Fv2%2Fmedia&parent=210"}],"curies":[{"name":"wp","href":"https:\/\/api.w.org\/{rel}","templated":true}]}}